{"id":550,"date":"2019-09-17T09:57:15","date_gmt":"2019-09-17T09:57:15","guid":{"rendered":"https:\/\/themes.getmotopress.com\/booklium-default\/?page_id=550"},"modified":"2019-09-17T09:57:15","modified_gmt":"2019-09-17T09:57:15","slug":"offers","status":"publish","type":"page","link":"https:\/\/hillside.ro\/ro\/offers\/","title":{"rendered":"Oferte"},"content":{"rendered":"<div class=\"mphb_sc_services-wrapper\">    <div class=\"mphb-services-wrapper\">\r\n\t<div class=\"mphb-service post-1595 mphb_room_service type-mphb_room_service status-publish mphb-service-pay-per-adult mphb-service-pay-by-guest-choise\">\n\n\t\n\n<h2 class=\"mphb-service-title\">\n<a href=\"https:\/\/hillside.ro\/ro\/services\/one-hour-riding-lesson\/\">O or\u0103 de lec\u021bie de echita\u021bie<\/a>\n<\/h2>\n<p class=\"mphb-price-wrapper\"><strong>Price:<\/strong>\n<span class=\"mphb-price\"><span class=\"mphb-currency\">lei<\/span>20<\/span> \/ Per Instance \/ Per Guest\n<\/p>    <div class=\"mphb-loop-service-content\">\r\n\t\n\n\n    <\/div>\r\n\t\n<\/div>\n<div class=\"mphb-service post-1596 mphb_room_service type-mphb_room_service status-publish mphb-service-pay-per-adult mphb-service-pay-by-guest-choise\">\n\n\t\n\n<h2 class=\"mphb-service-title\">\n<a href=\"https:\/\/hillside.ro\/ro\/services\/guided-tour-at-ivo-wildlife-park-with-tasting\/\">Tur ghidat la Ivo Wildlife Park cu degustare<\/a>\n<\/h2>\n<p class=\"mphb-price-wrapper\"><strong>Price:<\/strong>\n<span class=\"mphb-price\"><span class=\"mphb-currency\">lei<\/span>15<\/span> \/ Per Instance \/ Per Guest\n<\/p>    <div class=\"mphb-loop-service-content\">\r\n\t\n\n\n    <\/div>\r\n\t\n<\/div>\n<div class=\"mphb-service post-1597 mphb_room_service type-mphb_room_service status-publish mphb-service-pay-per-adult mphb-service-pay-by-guest-choise\">\n\n\t\n\n<h2 class=\"mphb-service-title\">\n<a href=\"https:\/\/hillside.ro\/ro\/services\/guided-tour-at-ivo-wildlife-park\/\">Tur ghidat la Ivo Wildlife Park<\/a>\n<\/h2>\n<p class=\"mphb-price-wrapper\"><strong>Price:<\/strong>\n<span class=\"mphb-price\"><span class=\"mphb-currency\">lei<\/span>6<\/span> \/ Per Instance \/ Per Guest\n<\/p>    <div class=\"mphb-loop-service-content\">\r\n\t\n\n\n    <\/div>\r\n\t\n<\/div>\n    <\/div>\r\n\t<\/div>","protected":false},"excerpt":{"rendered":"<p>Cunoa\u0219tem toate dorin\u021bele dumneavoastr\u0103 \u0219i dorim s\u0103 v\u0103 servim c\u00e2t mai bine \u00een hotelul nostru! De aceea, pute\u021bi explora lumea - via\u021ba subacvatic\u0103 \u0219i cerul cu u\u0219urin\u021b\u0103, al\u0103tur\u00e2ndu-v\u0103 cu u\u0219urin\u021b\u0103 la oricare dintre activit\u0103\u021bi \u0219i ob\u021bin\u00e2nd momente de neuitat.<\/p>","protected":false},"author":1,"featured_media":0,"parent":0,"menu_order":0,"comment_status":"closed","ping_status":"closed","template":"template-wide-page.php","meta":{"inline_featured_image":false,"footnotes":""},"class_list":["post-550","page","type-page","status-publish","hentry"],"_links":{"self":[{"href":"https:\/\/hillside.ro\/ro\/wp-json\/wp\/v2\/pages\/550","targetHints":{"allow":["GET"]}}],"collection":[{"href":"https:\/\/hillside.ro\/ro\/wp-json\/wp\/v2\/pages"}],"about":[{"href":"https:\/\/hillside.ro\/ro\/wp-json\/wp\/v2\/types\/page"}],"author":[{"embeddable":true,"href":"https:\/\/hillside.ro\/ro\/wp-json\/wp\/v2\/users\/1"}],"replies":[{"embeddable":true,"href":"https:\/\/hillside.ro\/ro\/wp-json\/wp\/v2\/comments?post=550"}],"version-history":[{"count":0,"href":"https:\/\/hillside.ro\/ro\/wp-json\/wp\/v2\/pages\/550\/revisions"}],"wp:attachment":[{"href":"https:\/\/hillside.ro\/ro\/wp-json\/wp\/v2\/media?parent=550"}],"curies":[{"name":"wp","href":"https:\/\/api.w.org\/{rel}","templated":true}]}}