{"id":65,"date":"2019-08-29T09:04:41","date_gmt":"2019-08-29T09:04:41","guid":{"rendered":"https:\/\/themes.getmotopress.com\/booklium-apartment\/booking-confirmation\/transaction-failed\/"},"modified":"2019-08-29T09:04:41","modified_gmt":"2019-08-29T09:04:41","slug":"transaction-failed","status":"publish","type":"page","link":"https:\/\/hillside.ro\/hu\/booking-confirmation\/transaction-failed\/","title":{"rendered":"Tranzakci\u00f3 sikertelen"},"content":{"rendered":"<p>Sajnos a tranzakci\u00f3t jelenleg nem lehet befejezni. K\u00e9rj\u00fck, pr\u00f3b\u00e1lja meg \u00fajra, vagy l\u00e9pjen kapcsolatba vel\u00fcnk.<\/p>","protected":false},"excerpt":{"rendered":"<p>Sajnos a tranzakci\u00f3t jelenleg nem lehet befejezni. K\u00e9rj\u00fck, pr\u00f3b\u00e1lja meg \u00fajra, vagy l\u00e9pjen kapcsolatba vel\u00fcnk.<\/p>","protected":false},"author":1,"featured_media":0,"parent":61,"menu_order":0,"comment_status":"closed","ping_status":"closed","template":"","meta":{"inline_featured_image":false,"footnotes":""},"class_list":["post-65","page","type-page","status-publish","hentry"],"_links":{"self":[{"href":"https:\/\/hillside.ro\/hu\/wp-json\/wp\/v2\/pages\/65","targetHints":{"allow":["GET"]}}],"collection":[{"href":"https:\/\/hillside.ro\/hu\/wp-json\/wp\/v2\/pages"}],"about":[{"href":"https:\/\/hillside.ro\/hu\/wp-json\/wp\/v2\/types\/page"}],"author":[{"embeddable":true,"href":"https:\/\/hillside.ro\/hu\/wp-json\/wp\/v2\/users\/1"}],"replies":[{"embeddable":true,"href":"https:\/\/hillside.ro\/hu\/wp-json\/wp\/v2\/comments?post=65"}],"version-history":[{"count":0,"href":"https:\/\/hillside.ro\/hu\/wp-json\/wp\/v2\/pages\/65\/revisions"}],"up":[{"embeddable":true,"href":"https:\/\/hillside.ro\/hu\/wp-json\/wp\/v2\/pages\/61"}],"wp:attachment":[{"href":"https:\/\/hillside.ro\/hu\/wp-json\/wp\/v2\/media?parent=65"}],"curies":[{"name":"wp","href":"https:\/\/api.w.org\/{rel}","templated":true}]}}