{"id":62,"date":"2019-08-29T09:04:41","date_gmt":"2019-08-29T09:04:41","guid":{"rendered":"https:\/\/themes.getmotopress.com\/booklium-apartment\/booking-confirmation\/booking-confirmed\/"},"modified":"2019-08-29T09:04:41","modified_gmt":"2019-08-29T09:04:41","slug":"booking-confirmed","status":"publish","type":"page","link":"https:\/\/hillside.ro\/hu\/booking-confirmation\/booking-confirmed\/","title":{"rendered":"Foglal\u00e1s meger\u0151s\u00edtve"},"content":{"rendered":"<div class=\"mphb_sc_booking_confirmation\"><\/div>","protected":false},"excerpt":{"rendered":"","protected":false},"author":1,"featured_media":0,"parent":61,"menu_order":0,"comment_status":"closed","ping_status":"closed","template":"","meta":{"inline_featured_image":false,"footnotes":""},"class_list":["post-62","page","type-page","status-publish","hentry"],"_links":{"self":[{"href":"https:\/\/hillside.ro\/hu\/wp-json\/wp\/v2\/pages\/62","targetHints":{"allow":["GET"]}}],"collection":[{"href":"https:\/\/hillside.ro\/hu\/wp-json\/wp\/v2\/pages"}],"about":[{"href":"https:\/\/hillside.ro\/hu\/wp-json\/wp\/v2\/types\/page"}],"author":[{"embeddable":true,"href":"https:\/\/hillside.ro\/hu\/wp-json\/wp\/v2\/users\/1"}],"replies":[{"embeddable":true,"href":"https:\/\/hillside.ro\/hu\/wp-json\/wp\/v2\/comments?post=62"}],"version-history":[{"count":0,"href":"https:\/\/hillside.ro\/hu\/wp-json\/wp\/v2\/pages\/62\/revisions"}],"up":[{"embeddable":true,"href":"https:\/\/hillside.ro\/hu\/wp-json\/wp\/v2\/pages\/61"}],"wp:attachment":[{"href":"https:\/\/hillside.ro\/hu\/wp-json\/wp\/v2\/media?parent=62"}],"curies":[{"name":"wp","href":"https:\/\/api.w.org\/{rel}","templated":true}]}}