{"id":550,"date":"2019-09-17T09:57:15","date_gmt":"2019-09-17T09:57:15","guid":{"rendered":"https:\/\/themes.getmotopress.com\/booklium-default\/?page_id=550"},"modified":"2019-09-17T09:57:15","modified_gmt":"2019-09-17T09:57:15","slug":"offers","status":"publish","type":"page","link":"https:\/\/hillside.ro\/hu\/offers\/","title":{"rendered":"Aj\u00e1nlatok"},"content":{"rendered":"<div class=\"mphb_sc_services-wrapper\">    <div class=\"mphb-services-wrapper\">\r\n\t<div class=\"mphb-service post-1595 mphb_room_service type-mphb_room_service status-publish mphb-service-pay-per-adult mphb-service-pay-by-guest-choise\">\n\n\t\n\n<h2 class=\"mphb-service-title\">\n<a href=\"https:\/\/hillside.ro\/hu\/services\/one-hour-riding-lesson\/\">Egy \u00f3r\u00e1s lovagl\u00f3lecke<\/a>\n<\/h2>\n<p class=\"mphb-price-wrapper\"><strong>\u00c1r:<\/strong>\n<span class=\"mphb-price\"><span class=\"mphb-currency\">lei<\/span>20<\/span> \/ Per Instance \/ Fejenk\u00e9nt\n<\/p>    <div class=\"mphb-loop-service-content\">\r\n\t\n\n\n    <\/div>\r\n\t\n<\/div>\n<div class=\"mphb-service post-1596 mphb_room_service type-mphb_room_service status-publish mphb-service-pay-per-adult mphb-service-pay-by-guest-choise\">\n\n\t\n\n<h2 class=\"mphb-service-title\">\n<a href=\"https:\/\/hillside.ro\/hu\/services\/guided-tour-at-ivo-wildlife-park-with-tasting\/\">Vezetett t\u00fara az Ivo Wildlife Parkban k\u00f3stol\u00f3val<\/a>\n<\/h2>\n<p class=\"mphb-price-wrapper\"><strong>\u00c1r:<\/strong>\n<span class=\"mphb-price\"><span class=\"mphb-currency\">lei<\/span>15<\/span> \/ Per Instance \/ Fejenk\u00e9nt\n<\/p>    <div class=\"mphb-loop-service-content\">\r\n\t\n\n\n    <\/div>\r\n\t\n<\/div>\n<div class=\"mphb-service post-1597 mphb_room_service type-mphb_room_service status-publish mphb-service-pay-per-adult mphb-service-pay-by-guest-choise\">\n\n\t\n\n<h2 class=\"mphb-service-title\">\n<a href=\"https:\/\/hillside.ro\/hu\/services\/guided-tour-at-ivo-wildlife-park\/\">Vezetett t\u00fara az Iv\u00f3i Vadasparkban<\/a>\n<\/h2>\n<p class=\"mphb-price-wrapper\"><strong>\u00c1r:<\/strong>\n<span class=\"mphb-price\"><span class=\"mphb-currency\">lei<\/span>6<\/span> \/ Per Instance \/ Fejenk\u00e9nt\n<\/p>    <div class=\"mphb-loop-service-content\">\r\n\t\n\n\n    <\/div>\r\n\t\n<\/div>\n    <\/div>\r\n\t<\/div>","protected":false},"excerpt":{"rendered":"<p>Ismerj\u00fck minden k\u00edv\u00e1ns\u00e1g\u00e1t, \u00e9s szeretn\u00e9nk a legjobbat ny\u00fajtani \u00d6nnek sz\u00e1llod\u00e1nkban! Ez\u00e9rt felfedezheti a vil\u00e1got - a v\u00edz alatti \u00e9letet \u00e9s az eget k\u00f6nnyed\u00e9n csatlakozva b\u00e1rmelyik tev\u00e9kenys\u00e9ghez, \u00e9s felejthetetlen pillanatokat szerezhet.<\/p>","protected":false},"author":1,"featured_media":0,"parent":0,"menu_order":0,"comment_status":"closed","ping_status":"closed","template":"template-wide-page.php","meta":{"inline_featured_image":false,"footnotes":""},"class_list":["post-550","page","type-page","status-publish","hentry"],"_links":{"self":[{"href":"https:\/\/hillside.ro\/hu\/wp-json\/wp\/v2\/pages\/550","targetHints":{"allow":["GET"]}}],"collection":[{"href":"https:\/\/hillside.ro\/hu\/wp-json\/wp\/v2\/pages"}],"about":[{"href":"https:\/\/hillside.ro\/hu\/wp-json\/wp\/v2\/types\/page"}],"author":[{"embeddable":true,"href":"https:\/\/hillside.ro\/hu\/wp-json\/wp\/v2\/users\/1"}],"replies":[{"embeddable":true,"href":"https:\/\/hillside.ro\/hu\/wp-json\/wp\/v2\/comments?post=550"}],"version-history":[{"count":0,"href":"https:\/\/hillside.ro\/hu\/wp-json\/wp\/v2\/pages\/550\/revisions"}],"wp:attachment":[{"href":"https:\/\/hillside.ro\/hu\/wp-json\/wp\/v2\/media?parent=550"}],"curies":[{"name":"wp","href":"https:\/\/api.w.org\/{rel}","templated":true}]}}