{"id":1329,"date":"2019-10-09T14:33:13","date_gmt":"2019-10-09T14:33:13","guid":{"rendered":"https:\/\/themes.getmotopress.com\/booklium-apartment\/?page_id=1329"},"modified":"2023-01-12T12:23:51","modified_gmt":"2023-01-12T12:23:51","slug":"accommodations-list","status":"publish","type":"page","link":"https:\/\/hillside.ro\/hu\/accommodations-list\/","title":{"rendered":"Foglal\u00e1s"},"content":{"rendered":"<div class=\"mphb_sc_rooms-wrapper mphb-room-types\">    <div class=\"loop-rooms-wrapper\">\r\n\t\r\n<div class=\"mphb-room-type post-1444 mphb_room_type type-mphb_room_type status-publish mphb_room_type_facility-bathroom-essentials mphb_room_type_facility-bedroom-comforts mphb_room_type_facility-free-parking mphb_room_type_facility-hair-dryer mphb_room_type_facility-heating mphb_room_type_facility-terrace mphb_room_type_facility-wi-fi mphb-room-type-adults-8 mphb-room-type-children-8\">\r\n\r\n\t\r\n    <div class=\"loop-room-wrapper\">\r\n\t\t            <div class=\"loop-room-info-wrapper\">\r\n\t\t\t\t\n<h2 class=\"mphb-room-type-title entry-title\">\n\n<a class=\"mphb-room-type-title\" href=\"https:\/\/hillside.ro\/hu\/accommodation\/whole-chalet\/\">HILLSIDE PARAJD<\/a>\n\n<\/h2>    <ul class=\"loop-room-short-attributes\">\r\n\t\n\n\n\n    <\/ul>\r\n\t\n\n<p>Semmi sem hi\u00e1nyzik. Szob\u00e1inkban k\u00e9nyelmes francia\u00e1gy vagy k\u00e9t k\u00fcl\u00f6n\u00e1ll\u00f3 \u00e1gy, nagy nappali, k\u00e9t k\u00fcl\u00f6n\u00e1ll\u00f3 f\u00fcrd\u0151szoba zuhanyz\u00f3val vagy k\u00e1ddal, teljesen felszerelt konyha, grillez\u0151 \u00e9s saj\u00e1t udvar tal\u00e1lhat\u00f3. A szob\u00e1k teljes felszerelts\u00e9ggel rendelkeznek; s\u00edkk\u00e9perny\u0151s Smart TV, Wi-Fi, hajsz\u00e1r\u00edt\u00f3, valamint ingyenes k\u00e1v\u00e9- \u00e9s teaf\u0151z\u0151. A teljesen felszerelt konyha [...]<\/p>\n\n\n<ul class=\"mphb-loop-room-type-attributes\">\n\t<li class=\"mphb-room-type-total-capacity\"><span class=\"mphb-attribute-title mphb-total-capacity-title\">Vend\u00e9gek:<\/span><span class=\"mphb-attribute-value\">\n\t8\n\t<\/span><\/li>\t\n\n\n\t<li class=\"mphb-room-type-view\"><span class=\"mphb-attribute-title mphb-view-title\">N\u00e9zet:<\/span><span class=\"mphb-attribute-value\">\n\thegy, v\u00e1ros\n\t<\/span><\/li>\n\t\n\n\n\n\n\t<li class=\"mphb-room-type-facilities\"><span class=\"mphb-attribute-title mphb-facilities-title\">Szolg\u00e1ltat\u00e1sok:<\/span><span class=\"mphb-attribute-value\"> <span class=\"facility-bathroom-essentials\"><a href=\"https:\/\/hillside.ro\/hu\/accommodation-facility\/bathroom-essentials\/\">F\u00fcrd\u0151szobai alapdarabok<\/a><\/span>, <span class=\"facility-bedroom-comforts\"><a href=\"https:\/\/hillside.ro\/hu\/accommodation-facility\/bedroom-comforts\/\">H\u00e1l\u00f3szobai k\u00e9nyelem<\/a><\/span>, <span class=\"facility-free-parking\"><a href=\"https:\/\/hillside.ro\/hu\/accommodation-facility\/free-parking\/\">Ingyenes parkol\u00e1s<\/a><\/span>, <span class=\"facility-hair-dryer\"><a href=\"https:\/\/hillside.ro\/hu\/accommodation-facility\/hair-dryer\/\">Hajsz\u00e1r\u00edt\u00f3<\/a><\/span>, <span class=\"facility-heating\"><a href=\"https:\/\/hillside.ro\/hu\/accommodation-facility\/heating\/\">F\u0171t\u00e9s<\/a><\/span>, <span class=\"facility-terrace\"><a href=\"https:\/\/hillside.ro\/hu\/accommodation-facility\/terrace\/\">Terasz<\/a><\/span>, <span class=\"facility-wi-fi\"><a href=\"https:\/\/hillside.ro\/hu\/accommodation-facility\/wi-fi\/\">Wi-Fi<\/a><\/span><\/span><\/li>\n\t\n<\/ul>            <\/div>\r\n\t\t            <div class=\"loop-room-book-wrapper\">\r\n\t\t\t\t\n\n\t<p class=\"mphb-regular-price\"><strong>\u00c1r \u0171rlap:<\/strong>\n\t<span class=\"mphb-price\"><span class=\"mphb-currency\">lei<\/span>1,600<\/span> <span class=\"mphb-price-period\" title=\"V\u00e1lassza ki a d\u00e1tumot az aktu\u00e1lis \u00e1rak megtekint\u00e9s\u00e9hez\">2 \u00e9jszaka<\/span>\n\t<\/p>\n\t\n<div class=\"mphb-to-book-btn-wrapper\">\n<form action=\"https:\/\/hillside.ro\/hu\/accommodation\/whole-chalet\/#booking-form-1444\" method=\"get\" data-trp-original-action=\"https:\/\/hillside.ro\/hu\/accommodation\/whole-chalet\/#booking-form-1444\" ><button type=\"submit\" class=\"button mphb-book-button\" >Foglal\u00e1s<\/button><input type=\"hidden\" name=\"trp-form-language\" value=\"hu\"\/><\/form>\n<br\/><\/div>\n<p class=\"mphb-view-details-button-wrapper\">\n<a class=\"button mphb-view-details-button\" href=\"https:\/\/hillside.ro\/hu\/accommodation\/whole-chalet\/\" >R\u00e9szletek megtekint\u00e9se<\/a>\n<\/p>            <\/div>\r\n\t\t\r\n    <\/div>\r\n\t\r\n<\/div>\r\n\r\n    <\/div>\r\n\t<\/div>","protected":false},"excerpt":{"rendered":"","protected":false},"author":1,"featured_media":1505,"parent":0,"menu_order":0,"comment_status":"closed","ping_status":"closed","template":"template-wide-page.php","meta":{"inline_featured_image":false,"footnotes":""},"class_list":["post-1329","page","type-page","status-publish","has-post-thumbnail","hentry"],"_links":{"self":[{"href":"https:\/\/hillside.ro\/hu\/wp-json\/wp\/v2\/pages\/1329","targetHints":{"allow":["GET"]}}],"collection":[{"href":"https:\/\/hillside.ro\/hu\/wp-json\/wp\/v2\/pages"}],"about":[{"href":"https:\/\/hillside.ro\/hu\/wp-json\/wp\/v2\/types\/page"}],"author":[{"embeddable":true,"href":"https:\/\/hillside.ro\/hu\/wp-json\/wp\/v2\/users\/1"}],"replies":[{"embeddable":true,"href":"https:\/\/hillside.ro\/hu\/wp-json\/wp\/v2\/comments?post=1329"}],"version-history":[{"count":3,"href":"https:\/\/hillside.ro\/hu\/wp-json\/wp\/v2\/pages\/1329\/revisions"}],"predecessor-version":[{"id":1544,"href":"https:\/\/hillside.ro\/hu\/wp-json\/wp\/v2\/pages\/1329\/revisions\/1544"}],"wp:featuredmedia":[{"embeddable":true,"href":"https:\/\/hillside.ro\/hu\/wp-json\/wp\/v2\/media\/1505"}],"wp:attachment":[{"href":"https:\/\/hillside.ro\/hu\/wp-json\/wp\/v2\/media?parent=1329"}],"curies":[{"name":"wp","href":"https:\/\/api.w.org\/{rel}","templated":true}]}}