{"id":689,"date":"2019-09-18T12:05:01","date_gmt":"2019-09-18T12:05:01","guid":{"rendered":"https:\/\/themes.getmotopress.com\/booklium-default\/?page_id=689"},"modified":"2023-01-12T11:13:50","modified_gmt":"2023-01-12T11:13:50","slug":"activities","status":"publish","type":"page","link":"https:\/\/hillside.ro\/de\/activities\/","title":{"rendered":"Aktivit\u00e4ten"},"content":{"rendered":"<div class=\"wp-block-getwid-section\" style=\"margin-bottom:50px\"><div class=\"wp-block-getwid-section__wrapper getwid-padding-top-none getwid-padding-bottom-none getwid-padding-left-none getwid-padding-right-none\"><div class=\"wp-block-getwid-section__inner-wrapper\"><div class=\"wp-block-getwid-section__background-holder\"><div class=\"wp-block-getwid-section__background\"><\/div><div class=\"wp-block-getwid-section__foreground\"><\/div><\/div><div class=\"wp-block-getwid-section__content\"><div class=\"wp-block-getwid-section__inner-content\">\r\n<div class=\"wp-block-getwid-video-popup is-style-rounded has-image has-animation-zoom-out has-foreground-20\"><a class=\"wp-block-getwid-video-popup__link\" href=\"https:\/\/www.youtube.com\/watch?v=yD-eB405CYQ\"><div class=\"wp-block-getwid-video-popup__wrapper\" style=\"min-height:490px\"><img loading=\"lazy\" decoding=\"async\" width=\"1350\" height=\"591\" src=\"https:\/\/hillside.ro\/wp-content\/uploads\/2019\/10\/Activities-video.jpg\" alt=\"\" class=\"wp-block-getwid-video-popup__image wp-block-getwid-video-popup__source wp-image-1076\" srcset=\"https:\/\/hillside.ro\/wp-content\/uploads\/2019\/10\/Activities-video.jpg 1350w, https:\/\/hillside.ro\/wp-content\/uploads\/2019\/10\/Activities-video-600x263.jpg 600w, https:\/\/hillside.ro\/wp-content\/uploads\/2019\/10\/Activities-video-300x131.jpg 300w, https:\/\/hillside.ro\/wp-content\/uploads\/2019\/10\/Activities-video-1024x448.jpg 1024w, https:\/\/hillside.ro\/wp-content\/uploads\/2019\/10\/Activities-video-768x336.jpg 768w, https:\/\/hillside.ro\/wp-content\/uploads\/2019\/10\/Activities-video-892x390.jpg 892w\" sizes=\"auto, (max-width: 1350px) 100vw, 1350px\" \/><div class=\"wp-block-getwid-video-popup__button is-style-outline is-size-small\" style=\"border-color:#ffffff\"><div class=\"wp-block-getwid-video-popup__icon has-text-color has-white-color has-background has-white-background-color\" style=\"border-color:#ffffff\"><i class=\"fas fa-play\"><\/i><\/div><\/div><\/div><\/a><div class=\"wp-block-getwid-video-popup__caption\"><\/div><\/div>\r\n<\/div><\/div><\/div><\/div><\/div>\r\n\r\n\r\n\r\n<div class=\"wp-block-columns has-2-columns is-layout-flex wp-container-core-columns-is-layout-9d6595d7 wp-block-columns-is-layout-flex\">\r\n<div class=\"wp-block-column is-layout-flow wp-block-column-is-layout-flow\">\r\n<div class=\"wp-block-getwid-advanced-heading\" style=\"margin-bottom:40px\"><h2 class=\"wp-block-getwid-advanced-heading__content\">Unvergessliche Erinnerungen durch die atemberaubende Aussicht auf die Stadt <\/h2><\/div>\r\n\r\n\r\n\r\n<div class=\"wp-block-button\"><a class=\"wp-block-button__link\" href=\"#\">Mehr erforschen<\/a><\/div>\r\n\r\n\r\n\r\n<div class=\"wp-block-getwid-advanced-spacer getwid-hide-desktop getwid-hide-tablet\" style=\"height:10px\" aria-hidden=\"true\"><\/div>\r\n<\/div>\r\n\r\n\r\n\r\n<div class=\"wp-block-column is-layout-flow wp-block-column-is-layout-flow\">\r\n<p>Werden Sie ein Teil der wundersch\u00f6nen Natur, indem Sie an einer der Aktivit\u00e4ten teilnehmen, die wir Ihnen vorschlagen. Alle Villen sind in malerischen Orten gelegen, so dass die Natur in jedem Ort ist erstaunlich.<\/p>\r\n\r\n\r\n\r\n<p>Wir bieten eine breite Palette von Aktivit\u00e4ten, so dass jeder unserer Besucher etwas finden kann, das er schon lange ausprobieren wollte. Es gibt Touren f\u00fcr diejenigen, die ein Risiko eingehen und f\u00fcr diejenigen, die es nicht tun.  <\/p>\r\n<\/div>\r\n<\/div>\r\n\r\n\r\n\r\n<div style=\"height:47px\" aria-hidden=\"true\" class=\"wp-block-spacer\"><\/div>\r\n\r\n\r\n\r\n<hr class=\"wp-block-separator is-style-wide\"\/>\r\n\r\n\r\n\r\n<div class=\"wp-block-getwid-advanced-heading\" style=\"margin-bottom:5px;margin-top:81px\"><h2 class=\"wp-block-getwid-advanced-heading__content\" style=\"text-align:center\">Top-bewertete Aktivit\u00e4ten<\/h2><\/div>\r\n\r\n\r\n\r\n<div class=\"wp-block-getwid-advanced-heading\" style=\"margin-bottom:40px\"><span class=\"wp-block-getwid-advanced-heading__content\" style=\"text-align:center\">Schauen Sie sich unsere Aktivit\u00e4ten genauer an und entscheiden Sie, welche Sie als n\u00e4chstes erleben m\u00f6chten.<\/span><\/div>\r\n\r\n\r\n\r\n<div class=\"wp-block-columns has-4-columns is-layout-flex wp-container-core-columns-is-layout-9d6595d7 wp-block-columns-is-layout-flex\">\r\n<div class=\"wp-block-column is-layout-flow wp-block-column-is-layout-flow\">\r\n<div class=\"wp-block-getwid-banner is-style-shadow-bottom has-animation-style4 has-foreground-undefined has-vertical-alignment-bottom\"><a href=\"#\" class=\"wp-block-getwid-banner__link\"><div class=\"wp-block-getwid-banner__wrapper\"><img loading=\"lazy\" decoding=\"async\" width=\"892\" height=\"1060\" src=\"https:\/\/hillside.ro\/wp-content\/uploads\/2019\/10\/Helicopter-Tour.jpg\" alt=\"\" class=\"wp-block-getwid-banner__image wp-block-getwid-banner__source wp-image-1082\" srcset=\"https:\/\/hillside.ro\/wp-content\/uploads\/2019\/10\/Helicopter-Tour.jpg 892w, https:\/\/hillside.ro\/wp-content\/uploads\/2019\/10\/Helicopter-Tour-600x713.jpg 600w, https:\/\/hillside.ro\/wp-content\/uploads\/2019\/10\/Helicopter-Tour-252x300.jpg 252w, https:\/\/hillside.ro\/wp-content\/uploads\/2019\/10\/Helicopter-Tour-862x1024.jpg 862w, https:\/\/hillside.ro\/wp-content\/uploads\/2019\/10\/Helicopter-Tour-768x913.jpg 768w\" sizes=\"auto, (max-width: 892px) 100vw, 892px\" \/><div class=\"wp-block-getwid-banner__caption\" style=\"min-height:315px\"><div class=\"wp-block-getwid-banner__caption-wrapper\"><span class=\"wp-block-getwid-banner__title\">Hubschrauber-Tour<\/span><p class=\"wp-block-getwid-banner__text\">$68 pro Person<\/p><\/div><\/div><\/div><\/a><\/div>\r\n\r\n\r\n\r\n<div class=\"wp-block-getwid-banner is-style-shadow-bottom has-animation-style4 has-foreground-undefined has-vertical-alignment-bottom\"><a href=\"#\" class=\"wp-block-getwid-banner__link\"><div class=\"wp-block-getwid-banner__wrapper\"><img loading=\"lazy\" decoding=\"async\" width=\"892\" height=\"1060\" src=\"https:\/\/hillside.ro\/wp-content\/uploads\/2019\/10\/Fashion-Week.jpg\" alt=\"\" class=\"wp-block-getwid-banner__image wp-block-getwid-banner__source wp-image-1080\" srcset=\"https:\/\/hillside.ro\/wp-content\/uploads\/2019\/10\/Fashion-Week.jpg 892w, https:\/\/hillside.ro\/wp-content\/uploads\/2019\/10\/Fashion-Week-600x713.jpg 600w, https:\/\/hillside.ro\/wp-content\/uploads\/2019\/10\/Fashion-Week-252x300.jpg 252w, https:\/\/hillside.ro\/wp-content\/uploads\/2019\/10\/Fashion-Week-862x1024.jpg 862w, https:\/\/hillside.ro\/wp-content\/uploads\/2019\/10\/Fashion-Week-768x913.jpg 768w\" sizes=\"auto, (max-width: 892px) 100vw, 892px\" \/><div class=\"wp-block-getwid-banner__caption\" style=\"min-height:315px\"><div class=\"wp-block-getwid-banner__caption-wrapper\"><span class=\"wp-block-getwid-banner__title\">Modewoche <\/span><p class=\"wp-block-getwid-banner__text\">von $65<\/p><\/div><\/div><\/div><\/a><\/div>\r\n<\/div>\r\n\r\n\r\n\r\n<div class=\"wp-block-column is-layout-flow wp-block-column-is-layout-flow\">\r\n<div class=\"wp-block-getwid-banner is-style-shadow-bottom has-animation-style4 has-foreground-undefined has-vertical-alignment-bottom\"><a href=\"#\" class=\"wp-block-getwid-banner__link\"><div class=\"wp-block-getwid-banner__wrapper\"><img loading=\"lazy\" decoding=\"async\" width=\"892\" height=\"1060\" src=\"https:\/\/hillside.ro\/wp-content\/uploads\/2019\/10\/Yacht-Tours.jpg\" alt=\"\" class=\"wp-block-getwid-banner__image wp-block-getwid-banner__source wp-image-1084\" srcset=\"https:\/\/hillside.ro\/wp-content\/uploads\/2019\/10\/Yacht-Tours.jpg 892w, https:\/\/hillside.ro\/wp-content\/uploads\/2019\/10\/Yacht-Tours-600x713.jpg 600w, https:\/\/hillside.ro\/wp-content\/uploads\/2019\/10\/Yacht-Tours-252x300.jpg 252w, https:\/\/hillside.ro\/wp-content\/uploads\/2019\/10\/Yacht-Tours-862x1024.jpg 862w, https:\/\/hillside.ro\/wp-content\/uploads\/2019\/10\/Yacht-Tours-768x913.jpg 768w\" sizes=\"auto, (max-width: 892px) 100vw, 892px\" \/><div class=\"wp-block-getwid-banner__caption\" style=\"min-height:315px\"><div class=\"wp-block-getwid-banner__caption-wrapper\"><span class=\"wp-block-getwid-banner__title\">Yacht-Touren<\/span><p class=\"wp-block-getwid-banner__text\">von $75<\/p><\/div><\/div><\/div><\/a><\/div>\r\n\r\n\r\n\r\n<div class=\"wp-block-getwid-banner is-style-shadow-bottom has-animation-style4 has-foreground-undefined has-vertical-alignment-bottom\"><a href=\"#\" class=\"wp-block-getwid-banner__link\"><div class=\"wp-block-getwid-banner__wrapper\"><img loading=\"lazy\" decoding=\"async\" width=\"892\" height=\"1060\" src=\"https:\/\/hillside.ro\/wp-content\/uploads\/2019\/10\/Food-Tours.jpg\" alt=\"\" class=\"wp-block-getwid-banner__image wp-block-getwid-banner__source wp-image-1081\" srcset=\"https:\/\/hillside.ro\/wp-content\/uploads\/2019\/10\/Food-Tours.jpg 892w, https:\/\/hillside.ro\/wp-content\/uploads\/2019\/10\/Food-Tours-600x713.jpg 600w, https:\/\/hillside.ro\/wp-content\/uploads\/2019\/10\/Food-Tours-252x300.jpg 252w, https:\/\/hillside.ro\/wp-content\/uploads\/2019\/10\/Food-Tours-862x1024.jpg 862w, https:\/\/hillside.ro\/wp-content\/uploads\/2019\/10\/Food-Tours-768x913.jpg 768w\" sizes=\"auto, (max-width: 892px) 100vw, 892px\" \/><div class=\"wp-block-getwid-banner__caption\" style=\"min-height:315px\"><div class=\"wp-block-getwid-banner__caption-wrapper\"><span class=\"wp-block-getwid-banner__title\">Essen Touren<\/span><p class=\"wp-block-getwid-banner__text\">ab $35 pro Person<\/p><\/div><\/div><\/div><\/a><\/div>\r\n<\/div>\r\n\r\n\r\n\r\n<div class=\"wp-block-column is-layout-flow wp-block-column-is-layout-flow\">\r\n<div class=\"wp-block-getwid-banner is-style-shadow-bottom has-animation-style4 has-foreground-undefined has-vertical-alignment-bottom\"><a href=\"#\" class=\"wp-block-getwid-banner__link\"><div class=\"wp-block-getwid-banner__wrapper\"><img loading=\"lazy\" decoding=\"async\" width=\"892\" height=\"1060\" src=\"https:\/\/hillside.ro\/wp-content\/uploads\/2019\/10\/Central-Park.jpg\" alt=\"\" class=\"wp-block-getwid-banner__image wp-block-getwid-banner__source wp-image-1078\" srcset=\"https:\/\/hillside.ro\/wp-content\/uploads\/2019\/10\/Central-Park.jpg 892w, https:\/\/hillside.ro\/wp-content\/uploads\/2019\/10\/Central-Park-600x713.jpg 600w, https:\/\/hillside.ro\/wp-content\/uploads\/2019\/10\/Central-Park-252x300.jpg 252w, https:\/\/hillside.ro\/wp-content\/uploads\/2019\/10\/Central-Park-862x1024.jpg 862w, https:\/\/hillside.ro\/wp-content\/uploads\/2019\/10\/Central-Park-768x913.jpg 768w\" sizes=\"auto, (max-width: 892px) 100vw, 892px\" \/><div class=\"wp-block-getwid-banner__caption\" style=\"min-height:315px\"><div class=\"wp-block-getwid-banner__caption-wrapper\"><span class=\"wp-block-getwid-banner__title\">Morgen-Yoga<\/span><p class=\"wp-block-getwid-banner__text\"> $25 pro Person <\/p><\/div><\/div><\/div><\/a><\/div>\r\n\r\n\r\n\r\n<div class=\"wp-block-getwid-banner is-style-shadow-bottom has-animation-style4 has-foreground-undefined has-vertical-alignment-bottom\"><a href=\"#\" class=\"wp-block-getwid-banner__link\"><div class=\"wp-block-getwid-banner__wrapper\"><img loading=\"lazy\" decoding=\"async\" width=\"892\" height=\"1060\" src=\"https:\/\/hillside.ro\/wp-content\/uploads\/2019\/10\/Concerts.jpg\" alt=\"\" class=\"wp-block-getwid-banner__image wp-block-getwid-banner__source wp-image-1079\" srcset=\"https:\/\/hillside.ro\/wp-content\/uploads\/2019\/10\/Concerts.jpg 892w, https:\/\/hillside.ro\/wp-content\/uploads\/2019\/10\/Concerts-600x713.jpg 600w, https:\/\/hillside.ro\/wp-content\/uploads\/2019\/10\/Concerts-252x300.jpg 252w, https:\/\/hillside.ro\/wp-content\/uploads\/2019\/10\/Concerts-862x1024.jpg 862w, https:\/\/hillside.ro\/wp-content\/uploads\/2019\/10\/Concerts-768x913.jpg 768w\" sizes=\"auto, (max-width: 892px) 100vw, 892px\" \/><div class=\"wp-block-getwid-banner__caption\" style=\"min-height:315px\"><div class=\"wp-block-getwid-banner__caption-wrapper\"><span class=\"wp-block-getwid-banner__title\">Konzerte<\/span><p class=\"wp-block-getwid-banner__text\">von $45<\/p><\/div><\/div><\/div><\/a><\/div>\r\n<\/div>\r\n\r\n\r\n\r\n<div class=\"wp-block-column is-layout-flow wp-block-column-is-layout-flow\">\r\n<div class=\"wp-block-getwid-banner is-style-shadow-bottom has-animation-style4 has-foreground-undefined has-vertical-alignment-bottom\"><a href=\"#\" class=\"wp-block-getwid-banner__link\"><div class=\"wp-block-getwid-banner__wrapper\"><img loading=\"lazy\" decoding=\"async\" width=\"892\" height=\"1060\" src=\"https:\/\/hillside.ro\/wp-content\/uploads\/2019\/10\/Boxing-with-Fire.jpg\" alt=\"\" class=\"wp-block-getwid-banner__image wp-block-getwid-banner__source wp-image-1077\" srcset=\"https:\/\/hillside.ro\/wp-content\/uploads\/2019\/10\/Boxing-with-Fire.jpg 892w, https:\/\/hillside.ro\/wp-content\/uploads\/2019\/10\/Boxing-with-Fire-600x713.jpg 600w, https:\/\/hillside.ro\/wp-content\/uploads\/2019\/10\/Boxing-with-Fire-252x300.jpg 252w, https:\/\/hillside.ro\/wp-content\/uploads\/2019\/10\/Boxing-with-Fire-862x1024.jpg 862w, https:\/\/hillside.ro\/wp-content\/uploads\/2019\/10\/Boxing-with-Fire-768x913.jpg 768w\" sizes=\"auto, (max-width: 892px) 100vw, 892px\" \/><div class=\"wp-block-getwid-banner__caption\" style=\"min-height:315px\"><div class=\"wp-block-getwid-banner__caption-wrapper\"><span class=\"wp-block-getwid-banner__title\">Kampfsportarten<\/span><p class=\"wp-block-getwid-banner__text\"> $50 pro Person <\/p><\/div><\/div><\/div><\/a><\/div>\r\n\r\n\r\n\r\n<div class=\"wp-block-getwid-banner is-style-shadow-bottom has-animation-style4 has-foreground-undefined has-vertical-alignment-bottom\"><a href=\"#\" class=\"wp-block-getwid-banner__link\"><div class=\"wp-block-getwid-banner__wrapper\"><img loading=\"lazy\" decoding=\"async\" width=\"892\" height=\"1060\" src=\"https:\/\/hillside.ro\/wp-content\/uploads\/2019\/10\/History-Walk.jpg\" alt=\"\" class=\"wp-block-getwid-banner__image wp-block-getwid-banner__source wp-image-1083\" srcset=\"https:\/\/hillside.ro\/wp-content\/uploads\/2019\/10\/History-Walk.jpg 892w, https:\/\/hillside.ro\/wp-content\/uploads\/2019\/10\/History-Walk-600x713.jpg 600w, https:\/\/hillside.ro\/wp-content\/uploads\/2019\/10\/History-Walk-252x300.jpg 252w, https:\/\/hillside.ro\/wp-content\/uploads\/2019\/10\/History-Walk-862x1024.jpg 862w, https:\/\/hillside.ro\/wp-content\/uploads\/2019\/10\/History-Walk-768x913.jpg 768w\" sizes=\"auto, (max-width: 892px) 100vw, 892px\" \/><div class=\"wp-block-getwid-banner__caption\" style=\"min-height:315px\"><div class=\"wp-block-getwid-banner__caption-wrapper\"><span class=\"wp-block-getwid-banner__title\">Fahrradtour<\/span><p class=\"wp-block-getwid-banner__text\"> $20 pro Person <\/p><\/div><\/div><\/div><\/a><\/div>\r\n<\/div>\r\n<\/div>\r\n\r\n\r\n\r\n<div style=\"height:50px\" aria-hidden=\"true\" class=\"wp-block-spacer\"><\/div>\r\n\r\n\r\n\r\n<div class=\"wp-block-columns has-2-columns is-layout-flex wp-container-core-columns-is-layout-9d6595d7 wp-block-columns-is-layout-flex\">\r\n<div class=\"wp-block-column is-layout-flow wp-block-column-is-layout-flow\">\r\n<div class=\"wp-block-getwid-section is-style-with-big-shadow is-style-fit-parent\"><div class=\"wp-block-getwid-section__wrapper getwid-padding-top-medium getwid-padding-bottom-medium getwid-padding-left-medium getwid-padding-right-medium getwid-align-items-flex-start\"><div class=\"wp-block-getwid-section__inner-wrapper\"><div class=\"wp-block-getwid-section__background-holder\"><div class=\"wp-block-getwid-section__background has-background has-white-background-color\"><\/div><div class=\"wp-block-getwid-section__foreground\"><\/div><\/div><div class=\"wp-block-getwid-section__content\"><div class=\"wp-block-getwid-section__inner-content\">\r\n<div class=\"wp-block-getwid-image-box has-image-left has-text-left has-mobile-layout-default has-mobile-alignment-default\"><div class=\"wp-block-getwid-image-box__image-container is-position-middle\"><div class=\"wp-block-getwid-image-box__image-wrapper\"><img loading=\"lazy\" decoding=\"async\" width=\"66\" height=\"64\" src=\"https:\/\/hillside.ro\/wp-content\/uploads\/2019\/10\/trustsafety1.png\" alt=\"\" class=\"wp-block-getwid-image-box__image wp-image-1124\"\/><\/div><\/div><div class=\"wp-block-getwid-image-box__content\">\r\n<h4 class=\"wp-block-heading\">Geld-zur\u00fcck-Garantie<\/h4>\r\n\r\n\r\n\r\n<p class=\"has-small-font-size\">Wenn Sie sich weigern, eine reservierte Tour zu machen, nehmen Sie Ihr Geld zur\u00fcck.<\/p>\r\n<\/div><\/div>\r\n<\/div><\/div><\/div><\/div><\/div>\r\n<\/div>\r\n\r\n\r\n\r\n<div class=\"wp-block-column is-layout-flow wp-block-column-is-layout-flow\">\r\n<div class=\"wp-block-getwid-section is-style-with-big-shadow is-style-fit-parent\"><div class=\"wp-block-getwid-section__wrapper getwid-padding-top-medium getwid-padding-bottom-medium getwid-padding-left-medium getwid-padding-right-medium getwid-align-items-flex-start\"><div class=\"wp-block-getwid-section__inner-wrapper\"><div class=\"wp-block-getwid-section__background-holder\"><div class=\"wp-block-getwid-section__background has-background has-white-background-color\"><\/div><div class=\"wp-block-getwid-section__foreground\"><\/div><\/div><div class=\"wp-block-getwid-section__content\"><div class=\"wp-block-getwid-section__inner-content\">\r\n<div class=\"wp-block-getwid-image-box has-image-left has-text-left has-mobile-layout-default has-mobile-alignment-default\"><div class=\"wp-block-getwid-image-box__image-container is-position-middle\"><div class=\"wp-block-getwid-image-box__image-wrapper\"><img loading=\"lazy\" decoding=\"async\" width=\"64\" height=\"64\" src=\"https:\/\/hillside.ro\/wp-content\/uploads\/2019\/10\/warranty-and-return.png\" alt=\"\" class=\"wp-block-getwid-image-box__image wp-image-1134\"\/><\/div><\/div><div class=\"wp-block-getwid-image-box__content\">\r\n<h4 class=\"wp-block-heading\">Garantie und R\u00fcckgabe<\/h4>\r\n\r\n\r\n\r\n<p class=\"has-small-font-size\">Ihr Gep\u00e4ck wird von uns sicher und unter strengster Kontrolle aufbewahrt.<\/p>\r\n<\/div><\/div>\r\n<\/div><\/div><\/div><\/div><\/div>\r\n<\/div>\r\n<\/div>","protected":false},"excerpt":{"rendered":"<p>Von abgelegenen Speakeasies bis hin zu W\u00fcstentouren - lernen Sie neue F\u00e4higkeiten und tauchen Sie in die lokale Kultur ein. Jedes Erlebnis wird auf seine Qualit\u00e4t gepr\u00fcft, und Sie m\u00fcssen kein Haus buchen, um daran teilzunehmen.<\/p>","protected":false},"author":1,"featured_media":0,"parent":0,"menu_order":0,"comment_status":"closed","ping_status":"closed","template":"template-wide-page.php","meta":{"inline_featured_image":false,"footnotes":""},"class_list":["post-689","page","type-page","status-publish","hentry"],"_links":{"self":[{"href":"https:\/\/hillside.ro\/de\/wp-json\/wp\/v2\/pages\/689","targetHints":{"allow":["GET"]}}],"collection":[{"href":"https:\/\/hillside.ro\/de\/wp-json\/wp\/v2\/pages"}],"about":[{"href":"https:\/\/hillside.ro\/de\/wp-json\/wp\/v2\/types\/page"}],"author":[{"embeddable":true,"href":"https:\/\/hillside.ro\/de\/wp-json\/wp\/v2\/users\/1"}],"replies":[{"embeddable":true,"href":"https:\/\/hillside.ro\/de\/wp-json\/wp\/v2\/comments?post=689"}],"version-history":[{"count":1,"href":"https:\/\/hillside.ro\/de\/wp-json\/wp\/v2\/pages\/689\/revisions"}],"predecessor-version":[{"id":1427,"href":"https:\/\/hillside.ro\/de\/wp-json\/wp\/v2\/pages\/689\/revisions\/1427"}],"wp:attachment":[{"href":"https:\/\/hillside.ro\/de\/wp-json\/wp\/v2\/media?parent=689"}],"curies":[{"name":"wp","href":"https:\/\/api.w.org\/{rel}","templated":true}]}}