{"id":1329,"date":"2019-10-09T14:33:13","date_gmt":"2019-10-09T14:33:13","guid":{"rendered":"https:\/\/themes.getmotopress.com\/booklium-apartment\/?page_id=1329"},"modified":"2023-01-12T12:23:51","modified_gmt":"2023-01-12T12:23:51","slug":"accommodations-list","status":"publish","type":"page","link":"https:\/\/hillside.ro\/de\/accommodations-list\/","title":{"rendered":"Reservierung"},"content":{"rendered":"<div class=\"mphb_sc_rooms-wrapper mphb-room-types\">    <div class=\"loop-rooms-wrapper\">\r\n\t\r\n<div class=\"mphb-room-type post-1444 mphb_room_type type-mphb_room_type status-publish mphb_room_type_facility-bathroom-essentials mphb_room_type_facility-bedroom-comforts mphb_room_type_facility-free-parking mphb_room_type_facility-hair-dryer mphb_room_type_facility-heating mphb_room_type_facility-terrace mphb_room_type_facility-wi-fi mphb-room-type-adults-8 mphb-room-type-children-8\">\r\n\r\n\t\r\n    <div class=\"loop-room-wrapper\">\r\n\t\t            <div class=\"loop-room-info-wrapper\">\r\n\t\t\t\t\n<h2 class=\"mphb-room-type-title entry-title\">\n\n<a class=\"mphb-room-type-title\" href=\"https:\/\/hillside.ro\/de\/accommodation\/whole-chalet\/\">HILLSIDE PRAID<\/a>\n\n<\/h2>    <ul class=\"loop-room-short-attributes\">\r\n\t\n\n\n\n    <\/ul>\r\n\t\n\n<p>Es gibt nichts, was fehlt. Unsere Zimmer verf\u00fcgen \u00fcber bequeme Doppelbetten oder zwei Einzelbetten, eine gro\u00dfe Sitzecke, zwei separate Badezimmer mit Dusche oder Badewanne, eine voll ausgestattete K\u00fcche, Grillplatz und einen privaten Garten. Die Zimmer sind mit allen Annehmlichkeiten ausgestattet: Flachbildschirm-Smart-TV, Wi-Fi, Haartrockner und kostenloser Kaffee- und Teezubereitung. Eine voll ausgestattete K\u00fcche [...]<\/p>\n\n\n<ul class=\"mphb-loop-room-type-attributes\">\n\t<li class=\"mphb-room-type-total-capacity\"><span class=\"mphb-attribute-title mphb-total-capacity-title\">G\u00e4ste:<\/span><span class=\"mphb-attribute-value\">\n\t8\n\t<\/span><\/li>\t\n\n\n\t<li class=\"mphb-room-type-view\"><span class=\"mphb-attribute-title mphb-view-title\">Ansicht:<\/span><span class=\"mphb-attribute-value\">\n\tBerg, Stadt\n\t<\/span><\/li>\n\t\n\n\n\n\n\t<li class=\"mphb-room-type-facilities\"><span class=\"mphb-attribute-title mphb-facilities-title\">Ausstattungen:<\/span><span class=\"mphb-attribute-value\"> <span class=\"facility-bathroom-essentials\"><a href=\"https:\/\/hillside.ro\/de\/accommodation-facility\/bathroom-essentials\/\">Das Wesentliche f\u00fcr das Badezimmer<\/a><\/span>, <span class=\"facility-bedroom-comforts\"><a href=\"https:\/\/hillside.ro\/de\/accommodation-facility\/bedroom-comforts\/\">Komfort im Schlafzimmer<\/a><\/span>, <span class=\"facility-free-parking\"><a href=\"https:\/\/hillside.ro\/de\/accommodation-facility\/free-parking\/\">Kostenloses Parken<\/a><\/span>, <span class=\"facility-hair-dryer\"><a href=\"https:\/\/hillside.ro\/de\/accommodation-facility\/hair-dryer\/\">Haartrockner<\/a><\/span>, <span class=\"facility-heating\"><a href=\"https:\/\/hillside.ro\/de\/accommodation-facility\/heating\/\">Heizung<\/a><\/span>, <span class=\"facility-terrace\"><a href=\"https:\/\/hillside.ro\/de\/accommodation-facility\/terrace\/\">Terrasse<\/a><\/span>, <span class=\"facility-wi-fi\"><a href=\"https:\/\/hillside.ro\/de\/accommodation-facility\/wi-fi\/\">Wi-Fi<\/a><\/span><\/span><\/li>\n\t\n<\/ul>            <\/div>\r\n\t\t            <div class=\"loop-room-book-wrapper\">\r\n\t\t\t\t\n\n\t<p class=\"mphb-regular-price\"><strong>Preis von:<\/strong>\n\t<span class=\"mphb-price\"><span class=\"mphb-currency\">lei<\/span>1,600<\/span> <span class=\"mphb-price-period\" title=\"W\u00e4hlen Sie Daten, um relevante Preise zu sehen\">f\u00fcr 2 N\u00e4chte<\/span>\n\t<\/p>\n\t\n<div class=\"mphb-to-book-btn-wrapper\">\n<form action=\"https:\/\/hillside.ro\/de\/accommodation\/whole-chalet\/#booking-form-1444\" method=\"get\" data-trp-original-action=\"https:\/\/hillside.ro\/de\/accommodation\/whole-chalet\/#booking-form-1444\" ><button type=\"submit\" class=\"button mphb-book-button\" >Buchen<\/button><input type=\"hidden\" name=\"trp-form-language\" value=\"de\"\/><\/form>\n<br\/><\/div>\n<p class=\"mphb-view-details-button-wrapper\">\n<a class=\"button mphb-view-details-button\" href=\"https:\/\/hillside.ro\/de\/accommodation\/whole-chalet\/\" >Details ansehen<\/a>\n<\/p>            <\/div>\r\n\t\t\r\n    <\/div>\r\n\t\r\n<\/div>\r\n\r\n    <\/div>\r\n\t<\/div>","protected":false},"excerpt":{"rendered":"","protected":false},"author":1,"featured_media":1505,"parent":0,"menu_order":0,"comment_status":"closed","ping_status":"closed","template":"template-wide-page.php","meta":{"inline_featured_image":false,"footnotes":""},"class_list":["post-1329","page","type-page","status-publish","has-post-thumbnail","hentry"],"_links":{"self":[{"href":"https:\/\/hillside.ro\/de\/wp-json\/wp\/v2\/pages\/1329","targetHints":{"allow":["GET"]}}],"collection":[{"href":"https:\/\/hillside.ro\/de\/wp-json\/wp\/v2\/pages"}],"about":[{"href":"https:\/\/hillside.ro\/de\/wp-json\/wp\/v2\/types\/page"}],"author":[{"embeddable":true,"href":"https:\/\/hillside.ro\/de\/wp-json\/wp\/v2\/users\/1"}],"replies":[{"embeddable":true,"href":"https:\/\/hillside.ro\/de\/wp-json\/wp\/v2\/comments?post=1329"}],"version-history":[{"count":3,"href":"https:\/\/hillside.ro\/de\/wp-json\/wp\/v2\/pages\/1329\/revisions"}],"predecessor-version":[{"id":1544,"href":"https:\/\/hillside.ro\/de\/wp-json\/wp\/v2\/pages\/1329\/revisions\/1544"}],"wp:featuredmedia":[{"embeddable":true,"href":"https:\/\/hillside.ro\/de\/wp-json\/wp\/v2\/media\/1505"}],"wp:attachment":[{"href":"https:\/\/hillside.ro\/de\/wp-json\/wp\/v2\/media?parent=1329"}],"curies":[{"name":"wp","href":"https:\/\/api.w.org\/{rel}","templated":true}]}}